{"id":18811744,"date":"2022-11-08T19:39:40","date_gmt":"2022-11-08T18:39:40","guid":{"rendered":"https:\/\/chateausenilhac.com\/the-wine\/"},"modified":"2023-04-12T15:08:55","modified_gmt":"2023-04-12T13:08:55","slug":"the-wine","status":"publish","type":"page","link":"https:\/\/chateausenilhac.com\/en\/the-wine\/","title":{"rendered":"THE WINE"},"content":{"rendered":"<p>[et_pb_section fb_built=&#8221;1&#8243; _builder_version=&#8221;4.18.0&#8243; _module_preset=&#8221;default&#8221; background_color=&#8221;#111111&#8243; custom_padding=&#8221;31px||31px|||&#8221; global_colors_info=&#8221;{}&#8221;][et_pb_row _builder_version=&#8221;4.18.0&#8243; _module_preset=&#8221;default&#8221; custom_margin=&#8221;|auto|26px|auto||&#8221; global_colors_info=&#8221;{}&#8221;][et_pb_column type=&#8221;4_4&#8243; _builder_version=&#8221;4.18.0&#8243; _module_preset=&#8221;default&#8221; global_colors_info=&#8221;{}&#8221;][et_pb_image src=&#8221;https:\/\/chateausenilhac.com\/wp-content\/uploads\/2022\/11\/chateau-senilhac-cru-bourgeois-copie.png&#8221; alt=&#8221;Ch\u00e2teau S\u00e9nilhac&#8221; title_text=&#8221;logo s\u00e9nilhac&#8221; _builder_version=&#8221;4.18.0&#8243; _module_preset=&#8221;default&#8221; width=&#8221;47%&#8221; width_tablet=&#8221;55%&#8221; width_phone=&#8221;90%&#8221; width_last_edited=&#8221;on|phone&#8221; module_alignment=&#8221;center&#8221; custom_margin_tablet=&#8221;-50px||||false|false&#8221; custom_margin_phone=&#8221;-50px||||false|false&#8221; custom_margin_last_edited=&#8221;on|tablet&#8221; global_colors_info=&#8221;{}&#8221;][\/et_pb_image][\/et_pb_column][\/et_pb_row][\/et_pb_section][et_pb_section fb_built=&#8221;1&#8243; custom_padding_last_edited=&#8221;on|tablet&#8221; _builder_version=&#8221;4.18.0&#8243; _module_preset=&#8221;default&#8221; background_enable_color=&#8221;off&#8221; background_image=&#8221;https:\/\/chateausenilhac.com\/wp-content\/uploads\/2022\/11\/fond-1-copie.jpg&#8221; background_blend=&#8221;multiply&#8221; custom_padding=&#8221;43px||43px||true|false&#8221; custom_padding_tablet=&#8221;43px||50px||false|false&#8221; custom_padding_phone=&#8221;43px||50px||false|false&#8221; global_colors_info=&#8221;{}&#8221;][et_pb_row column_structure=&#8221;3_5,2_5&#8243; use_custom_gutter=&#8221;on&#8221; gutter_width=&#8221;1&#8243; _builder_version=&#8221;4.18.0&#8243; _module_preset=&#8221;default&#8221; width=&#8221;75%&#8221; max_width=&#8221;100%&#8221; custom_padding=&#8221;40px||40px||true|&#8221; global_colors_info=&#8221;{}&#8221;][et_pb_column type=&#8221;3_5&#8243; _builder_version=&#8221;4.18.0&#8243; _module_preset=&#8221;default&#8221; global_colors_info=&#8221;{}&#8221;][et_pb_text _builder_version=&#8221;4.18.0&#8243; _module_preset=&#8221;default&#8221; text_font=&#8221;Copperplate Light|300|||||||&#8221; text_text_color=&#8221;#FFFFFF&#8221; text_font_size=&#8221;14px&#8221; text_letter_spacing=&#8221;0.4px&#8221; text_orientation=&#8221;center&#8221; global_colors_info=&#8221;{}&#8221;]<\/p>\n<p>A beautiful deep, limpid and brilliant Bordeaux colour. Notes of black ripe fruit, enhanced with cocoa and mocha make up a gourmet and complex bouquet. The soft mouth is carried by silky and melted tannins, thus bringing to the wine suppleness and a nice balance.<\/p>\n<p>[\/et_pb_text][\/et_pb_column][et_pb_column type=&#8221;2_5&#8243; _builder_version=&#8221;4.18.0&#8243; _module_preset=&#8221;default&#8221; global_colors_info=&#8221;{}&#8221;][et_pb_image src=&#8221;https:\/\/chateausenilhac.com\/wp-content\/uploads\/2022\/11\/MOCK-UP-1-.png&#8221; title_text=&#8221;MOCK BON SENILHAC&#8221; _builder_version=&#8221;4.18.0&#8243; _module_preset=&#8221;default&#8221; positioning=&#8221;absolute&#8221; position_origin_a=&#8221;top_center&#8221; vertical_offset=&#8221;-288px&#8221; z_index=&#8221;43&#8243; vertical_offset_tablet=&#8221;10px&#8221; vertical_offset_phone=&#8221;30px&#8221; vertical_offset_last_edited=&#8221;on|phone&#8221; width=&#8221;41%&#8221; global_colors_info=&#8221;{}&#8221;][\/et_pb_image][\/et_pb_column][\/et_pb_row][\/et_pb_section][et_pb_section fb_built=&#8221;1&#8243; _builder_version=&#8221;4.18.0&#8243; _module_preset=&#8221;default&#8221; background_color=&#8221;#111111&#8243; custom_padding=&#8221;179px||86px|||&#8221; global_colors_info=&#8221;{}&#8221;][\/et_pb_section][et_pb_section fb_built=&#8221;1&#8243; _builder_version=&#8221;4.18.0&#8243; _module_preset=&#8221;default&#8221; background_image=&#8221;https:\/\/chateausenilhac.com\/wp-content\/uploads\/2022\/11\/Capture-decran-2022-11-08-a-19.53.11.png&#8221; parallax=&#8221;on&#8221; custom_padding=&#8221;307px||354px|||&#8221; global_colors_info=&#8221;{}&#8221;][\/et_pb_section][et_pb_section fb_built=&#8221;1&#8243; _builder_version=&#8221;4.18.0&#8243; _module_preset=&#8221;default&#8221; background_color=&#8221;#f7f5f0&#8243; z_index=&#8221;2&#8243; custom_padding=&#8221;||0px||false|false&#8221; global_colors_info=&#8221;{}&#8221;][et_pb_row column_structure=&#8221;3_5,2_5&#8243; use_custom_gutter=&#8221;on&#8221; gutter_width=&#8221;1&#8243; custom_padding_last_edited=&#8221;on|phone&#8221; _builder_version=&#8221;4.18.0&#8243; _module_preset=&#8221;default&#8221; width=&#8221;75%&#8221; width_tablet=&#8221;75%&#8221; width_phone=&#8221;100%&#8221; width_last_edited=&#8221;on|phone&#8221; max_width=&#8221;100%&#8221; custom_margin=&#8221;-532px|auto|2px|auto|false|false&#8221; custom_margin_tablet=&#8221;-532px|auto|2px|auto|false|false&#8221; custom_margin_phone=&#8221;-532px|auto|-150px|auto|false|false&#8221; custom_margin_last_edited=&#8221;on|phone&#8221; custom_padding=&#8221;0px||4px||false|false&#8221; custom_padding_tablet=&#8221;70px||||false|false&#8221; custom_padding_phone=&#8221;0px||||false|false&#8221; global_colors_info=&#8221;{}&#8221;][et_pb_column type=&#8221;3_5&#8243; module_class=&#8221;dp-vertical-align&#8221; _builder_version=&#8221;4.18.0&#8243; _module_preset=&#8221;default&#8221; background_color=&#8221;#F7F5F0&#8243; custom_padding=&#8221;50px|55px|50px|55px|true|true&#8221; custom_padding_tablet=&#8221;50px|55px|50px|55px|true|true&#8221; custom_padding_phone=&#8221;|15px||15px|true|true&#8221; custom_padding_last_edited=&#8221;on|phone&#8221; global_colors_info=&#8221;{}&#8221;][et_pb_image src=&#8221;https:\/\/chateausenilhac.com\/wp-content\/uploads\/2022\/11\/blazon-cuivre-bon-copie.png&#8221; _builder_version=&#8221;4.18.0&#8243; _module_preset=&#8221;default&#8221; width=&#8221;12%&#8221; module_alignment=&#8221;center&#8221; custom_margin=&#8221;||25px||false|false&#8221; global_colors_info=&#8221;{}&#8221;][\/et_pb_image][et_pb_text _builder_version=&#8221;4.18.0&#8243; _module_preset=&#8221;default&#8221; header_3_text_align=&#8221;center&#8221; header_3_text_color=&#8221;#111111&#8243; custom_margin=&#8221;||20px|||&#8221; global_colors_info=&#8221;{}&#8221;]<\/p>\n<h3>CHATEAU S\u00c9NILHAC<\/h3>\n<p>[\/et_pb_text][et_pb_text _builder_version=&#8221;4.18.0&#8243; _module_preset=&#8221;default&#8221; text_font=&#8221;|300|||||||&#8221; text_font_size=&#8221;16px&#8221; header_3_font=&#8221;|700|||||||&#8221; header_3_line_height=&#8221;1.2em&#8221; text_orientation=&#8221;justified&#8221; max_width=&#8221;100%&#8221; custom_margin=&#8221;20px||||false|false&#8221; custom_margin_tablet=&#8221;20px||60px||false|false&#8221; custom_margin_phone=&#8221;20px||0px|-19px|false|false&#8221; custom_margin_last_edited=&#8221;on|phone&#8221; text_font_size_tablet=&#8221;14px&#8221; text_font_size_phone=&#8221;15px&#8221; text_font_size_last_edited=&#8221;on|phone&#8221; global_colors_info=&#8221;{}&#8221;]<\/p>\n<table border=\"1\" style=\"width: 0%; border-collapse: collapse;\">\n<tbody>\n<tr>\n<td style=\"width: 6.261585366742945%;\">APPELATION<\/td>\n<td style=\"width: 93.73841463325705%;\"><strong>HAUT-M\u00c9DOC<\/strong><\/td>\n<\/tr>\n<tr>\n<td style=\"width: 6.261585366742945%;\">CLASSIFICATION<\/td>\n<td style=\"width: 93.73841463325705%;\"><strong>CRU-BOURGEOIS<\/strong><\/td>\n<\/tr>\n<tr>\n<td style=\"width: 6.261585366742945%;\">TERROIR<\/td>\n<td style=\"width: 93.73841463325705%;\"><strong>CLAY-LIME<\/strong><br \/><strong>AVERAGE AGE OF THE VINE: 25 YEARS<\/strong><\/td>\n<\/tr>\n<tr>\n<td style=\"width: 6.261585366742945%;\"><span>GRAPE VARIETIES<\/span><\/td>\n<td style=\"width: 93.73841463325705%;\"><strong>41% CABERNET SAUVIGNON, 49% MERLOT, 10% PETIT VERDOT<\/strong><\/td>\n<\/tr>\n<tr>\n<td style=\"width: 6.261585366742945%;\"><span>PRUNING<\/span><\/td>\n<td style=\"width: 93.73841463325705%;\"><strong>GUYOT DOUBLE<\/strong><\/td>\n<\/tr>\n<tr>\n<td style=\"width: 6.261585366742945%;\"><span>VINIFICATION<\/span><\/td>\n<td style=\"width: 93.73841463325705%;\"><strong>IN THERMO-REGULATED STAINLESS STEEL VATS<\/strong><\/td>\n<\/tr>\n<tr>\n<td style=\"width: 6.261585366742945%;\">AGING<\/td>\n<td style=\"width: 93.73841463325705%;\"><strong>IN NEW BARRELS AND ONE WINE OVER 12 MONTHS<\/strong><\/td>\n<\/tr>\n<tr>\n<td style=\"width: 6.261585366742945%;\">CULTURE<\/td>\n<td style=\"width: 93.73841463325705%;\"><strong>HIGH ENVIRONMENTAL VALUE<\/strong><\/td>\n<\/tr>\n<tr>\n<td style=\"width: 6.261585366742945%;\">OPERATIONS DIRECTOR<\/td>\n<td style=\"width: 93.73841463325705%;\"><strong>\u00c9RIC LAGADEC<\/strong><\/td>\n<\/tr>\n<tr>\n<td style=\"width: 6.261585366742945%;\">OENOLOGIST<\/td>\n<td style=\"width: 93.73841463325705%;\"><strong>\u00c9MILIEN DELALANDE<\/strong><\/td>\n<\/tr>\n<\/tbody>\n<\/table>\n<p>[\/et_pb_text][et_pb_image src=&#8221;https:\/\/chateausenilhac.com\/wp-content\/uploads\/2022\/11\/logo-HVE.png&#8221; disabled_on=&#8221;off|off|on&#8221; _builder_version=&#8221;4.18.0&#8243; _module_preset=&#8221;default&#8221; width=&#8221;20%&#8221; module_alignment=&#8221;center&#8221; global_colors_info=&#8221;{}&#8221;][\/et_pb_image][\/et_pb_column][et_pb_column type=&#8221;2_5&#8243; module_class=&#8221;dp-vertical-align&#8221; _builder_version=&#8221;4.18.0&#8243; _module_preset=&#8221;default&#8221; background_color=&#8221;RGBA(255,255,255,0)&#8221; custom_padding=&#8221;60px||60px||false|false&#8221; custom_padding_tablet=&#8221;60px||0px||false|false&#8221; custom_padding_phone=&#8221;0px||0px||false|false&#8221; custom_padding_last_edited=&#8221;on|tablet&#8221; global_colors_info=&#8221;{}&#8221;][et_pb_image src=&#8221;https:\/\/chateausenilhac.com\/wp-content\/uploads\/2022\/11\/logo-HVE.png&#8221; disabled_on=&#8221;on|on|off&#8221; _builder_version=&#8221;4.18.0&#8243; _module_preset=&#8221;default&#8221; positioning=&#8221;relative&#8221; position_origin_r=&#8221;bottom_right&#8221; vertical_offset=&#8221;-460px&#8221; horizontal_offset=&#8221;-218px&#8221; width=&#8221;31%&#8221; animation_style=&#8221;slide&#8221; animation_direction=&#8221;right&#8221; global_colors_info=&#8221;{}&#8221;][\/et_pb_image][\/et_pb_column][\/et_pb_row][et_pb_row column_structure=&#8221;3_4,1_4&#8243; use_custom_gutter=&#8221;on&#8221; gutter_width=&#8221;1&#8243; custom_padding_last_edited=&#8221;on|phone&#8221; _builder_version=&#8221;4.18.0&#8243; _module_preset=&#8221;default&#8221; width_tablet=&#8221;&#8221; width_phone=&#8221;85%&#8221; width_last_edited=&#8221;on|phone&#8221; custom_padding=&#8221;1px||0px|||&#8221; custom_padding_tablet=&#8221;1px|||||&#8221; custom_padding_phone=&#8221;90px||||false|false&#8221; global_colors_info=&#8221;{}&#8221;][et_pb_column type=&#8221;3_4&#8243; _builder_version=&#8221;4.18.0&#8243; _module_preset=&#8221;default&#8221; global_colors_info=&#8221;{}&#8221;][\/et_pb_column][et_pb_column type=&#8221;1_4&#8243; _builder_version=&#8221;4.18.0&#8243; _module_preset=&#8221;default&#8221; global_colors_info=&#8221;{}&#8221;][et_pb_button button_url=&#8221;https:\/\/chateausenilhac.com\/boutique\/&#8221; button_text=&#8221;Shop&#8221; button_alignment_tablet=&#8221;center&#8221; button_alignment_phone=&#8221;center&#8221; button_alignment_last_edited=&#8221;on|tablet&#8221; disabled_on=&#8221;on|on|on&#8221; _builder_version=&#8221;4.18.0&#8243; _module_preset=&#8221;default&#8221; custom_button=&#8221;on&#8221; button_text_size=&#8221;20px&#8221; button_text_color=&#8221;#FFFFFF&#8221; button_bg_color=&#8221;#C48F56&#8243; button_border_width=&#8221;0px&#8221; custom_margin=&#8221;-129px|||||&#8221; custom_margin_tablet=&#8221;0px||||false|false&#8221; custom_margin_phone=&#8221;-30px||30px||false|false&#8221; custom_margin_last_edited=&#8221;on|phone&#8221; disabled=&#8221;on&#8221; global_colors_info=&#8221;{}&#8221; button_bg_color__hover_enabled=&#8221;on|hover&#8221; button_bg_color__hover=&#8221;RGBA(255,255,255,0)&#8221; button_bg_enable_color__hover=&#8221;on&#8221; button_text_color__hover_enabled=&#8221;on|hover&#8221; button_text_color__hover=&#8221;#111111&#8243; button_border_width__hover_enabled=&#8221;on|hover&#8221; button_border_width__hover=&#8221;1px&#8221;][\/et_pb_button][\/et_pb_column][\/et_pb_row][\/et_pb_section][et_pb_section fb_built=&#8221;1&#8243; admin_label=&#8221;Neighborhoods&#8221; _builder_version=&#8221;4.18.0&#8243; _module_preset=&#8221;default&#8221; background_color=&#8221;#F7F5F0&#8243; custom_padding=&#8221;0px||0px||true|&#8221; global_colors_info=&#8221;{}&#8221;][et_pb_row _builder_version=&#8221;4.18.0&#8243; _module_preset=&#8221;default&#8221; custom_padding=&#8221;0px||0px||true|false&#8221; global_colors_info=&#8221;{}&#8221;][et_pb_column type=&#8221;4_4&#8243; _builder_version=&#8221;4.18.0&#8243; _module_preset=&#8221;default&#8221; global_colors_info=&#8221;{}&#8221;][dipi_dual_heading second_heading=&#8221;Our others estates&#8221; sh_style=&#8221;background&#8221; sh_background_animation=&#8221;on&#8221; sh_background_style=&#8221;clipped&#8221; second_heading_image=&#8221;https:\/\/chateausenilhac.com\/wp-content\/uploads\/2022\/11\/fond-1-copie.jpg&#8221; bt_style=&#8221;background&#8221; bt_background_style=&#8221;clipped&#8221; background_text_color=&#8221;#C18E5B&#8221; background_text_use_color_gradient=&#8221;on&#8221; background_text_color_gradient_overlays_image=&#8221;on&#8221; _builder_version=&#8221;4.18.0&#8243; _module_preset=&#8221;default&#8221; first_heading_font=&#8221;||||||||&#8221; first_heading_text_align=&#8221;center&#8221; second_heading_font=&#8221;|||on|||||&#8221; second_heading_text_align=&#8221;center&#8221; second_heading_font_size=&#8221;33px&#8221; background_text_text_align=&#8221;center&#8221; background_text_text_color=&#8221;#C18E5B&#8221; background_enable_image=&#8221;off&#8221; animation_style=&#8221;slide&#8221; hover_enabled=&#8221;0&#8243; second_heading_font_size_tablet=&#8221;33px&#8221; second_heading_font_size_phone=&#8221;23px&#8221; second_heading_font_size_last_edited=&#8221;on|phone&#8221; second_heading_line_height_tablet=&#8221;1em&#8221; second_heading_line_height_phone=&#8221;1.3em&#8221; second_heading_line_height_last_edited=&#8221;on|phone&#8221; global_colors_info=&#8221;{}&#8221; sticky_enabled=&#8221;0&#8243;][\/dipi_dual_heading][\/et_pb_column][\/et_pb_row][et_pb_row column_structure=&#8221;1_3,1_3,1_3&#8243; use_custom_gutter=&#8221;on&#8221; gutter_width=&#8221;1&#8243; make_equal=&#8221;on&#8221; admin_label=&#8221;4&#8243; module_class=&#8221;four-columns&#8221; _builder_version=&#8221;4.18.0&#8243; _module_preset=&#8221;default&#8221; background_color=&#8221;RGBA(255,255,255,0)&#8221; width=&#8221;75%&#8221; width_tablet=&#8221;100%&#8221; width_phone=&#8221;100%&#8221; width_last_edited=&#8221;on|tablet&#8221; max_width=&#8221;100%&#8221; custom_padding=&#8221;0px||0px||true|false&#8221; global_colors_info=&#8221;{}&#8221;][et_pb_column type=&#8221;1_3&#8243; _builder_version=&#8221;4.18.0&#8243; _module_preset=&#8221;default&#8221; background_enable_image=&#8221;off&#8221; custom_padding=&#8221;|4%||4%|true|true&#8221; link_option_url=&#8221;#&#8221; global_colors_info=&#8221;{}&#8221; background__hover_enabled=&#8221;off|hover&#8221; background_color_gradient_stops__hover=&#8221;rgba(0,0,0,0.3) 0%|rgba(0,0,0,0.8) 100%&#8221; use_background_color_gradient__hover=&#8221;on&#8221;][et_pb_image src=&#8221;https:\/\/chateausenilhac.com\/wp-content\/uploads\/2022\/12\/12.png&#8221; url=&#8221;https:\/\/chateau-larteau.com&#8221; url_new_window=&#8221;on&#8221; _builder_version=&#8221;4.18.0&#8243; _module_preset=&#8221;default&#8221; module_alignment=&#8221;center&#8221; global_colors_info=&#8221;{}&#8221; src__hover_enabled=&#8221;on|hover&#8221; src__hover=&#8221;https:\/\/chateausenilhac.com\/wp-content\/uploads\/2022\/12\/6.png&#8221; width__hover_enabled=&#8221;off|hover&#8221; width__hover=&#8221;85%&#8221;][\/et_pb_image][\/et_pb_column][et_pb_column type=&#8221;1_3&#8243; _builder_version=&#8221;4.18.0&#8243; _module_preset=&#8221;default&#8221; background_enable_image=&#8221;off&#8221; custom_padding=&#8221;|4%||4%|true|true&#8221; link_option_url=&#8221;#&#8221; global_colors_info=&#8221;{}&#8221; background__hover_enabled=&#8221;off|desktop&#8221; background_color_gradient_stops__hover=&#8221;rgba(0,0,0,0.3) 0%|rgba(0,0,0,0.8) 100%&#8221; use_background_color_gradient__hover=&#8221;on&#8221;][et_pb_image src=&#8221;https:\/\/chateausenilhac.com\/wp-content\/uploads\/2022\/12\/10-1.png&#8221; url=&#8221;https:\/\/chateau-tour-saint-pierre.com&#8221; url_new_window=&#8221;on&#8221; _builder_version=&#8221;4.18.0&#8243; _module_preset=&#8221;default&#8221; width=&#8221;100%&#8221; module_alignment=&#8221;center&#8221; global_colors_info=&#8221;{}&#8221; src__hover_enabled=&#8221;on|hover&#8221; src__hover=&#8221;https:\/\/chateausenilhac.com\/wp-content\/uploads\/2022\/12\/2.png&#8221; width__hover_enabled=&#8221;off|hover&#8221; width__hover=&#8221;100%&#8221;][\/et_pb_image][\/et_pb_column][et_pb_column type=&#8221;1_3&#8243; _builder_version=&#8221;4.18.0&#8243; _module_preset=&#8221;default&#8221; background_enable_image=&#8221;off&#8221; custom_padding=&#8221;|4%||4%|true|true&#8221; link_option_url=&#8221;#&#8221; global_colors_info=&#8221;{}&#8221; background__hover_enabled=&#8221;off|desktop&#8221; background_color_gradient_stops__hover=&#8221;rgba(0,0,0,0.3) 0%|rgba(0,0,0,0.8) 100%&#8221; use_background_color_gradient__hover=&#8221;on&#8221;][et_pb_image src=&#8221;https:\/\/chateausenilhac.com\/wp-content\/uploads\/2022\/12\/13.png&#8221; url=&#8221;https:\/\/clos-bel-air.com\/&#8221; _builder_version=&#8221;4.18.0&#8243; _module_preset=&#8221;default&#8221; module_alignment=&#8221;center&#8221; global_colors_info=&#8221;{}&#8221; src__hover_enabled=&#8221;on|hover&#8221; src__hover=&#8221;https:\/\/chateausenilhac.com\/wp-content\/uploads\/2022\/12\/8.png&#8221; width__hover_enabled=&#8221;off|hover&#8221; width__hover=&#8221;100%&#8221;][\/et_pb_image][\/et_pb_column][\/et_pb_row][\/et_pb_section]<\/p>\n","protected":false},"excerpt":{"rendered":"<p>A beautiful deep, limpid and brilliant Bordeaux colour. Notes of black ripe fruit, enhanced with cocoa and mocha make up a gourmet and complex bouquet. The soft mouth is carried by silky and melted tannins, thus bringing to the wine suppleness and a nice balance.CHATEAU S\u00c9NILHAC APPELATION HAUT-M\u00c9DOC CLASSIFICATION CRU-BOURGEOIS TERROIR CLAY-LIMEAVERAGE AGE OF THE [&hellip;]<\/p>\n","protected":false},"author":1,"featured_media":0,"parent":0,"menu_order":0,"comment_status":"closed","ping_status":"closed","template":"","meta":{"_et_pb_use_builder":"on","_et_pb_old_content":"","_et_gb_content_width":"","footnotes":""},"dipi_cpt_category":[],"yst_prominent_words":[],"class_list":["post-18811744","page","type-page","status-publish","hentry"],"_links":{"self":[{"href":"https:\/\/chateausenilhac.com\/en\/wp-json\/wp\/v2\/pages\/18811744","targetHints":{"allow":["GET"]}}],"collection":[{"href":"https:\/\/chateausenilhac.com\/en\/wp-json\/wp\/v2\/pages"}],"about":[{"href":"https:\/\/chateausenilhac.com\/en\/wp-json\/wp\/v2\/types\/page"}],"author":[{"embeddable":true,"href":"https:\/\/chateausenilhac.com\/en\/wp-json\/wp\/v2\/users\/1"}],"replies":[{"embeddable":true,"href":"https:\/\/chateausenilhac.com\/en\/wp-json\/wp\/v2\/comments?post=18811744"}],"version-history":[{"count":17,"href":"https:\/\/chateausenilhac.com\/en\/wp-json\/wp\/v2\/pages\/18811744\/revisions"}],"predecessor-version":[{"id":18812412,"href":"https:\/\/chateausenilhac.com\/en\/wp-json\/wp\/v2\/pages\/18811744\/revisions\/18812412"}],"wp:attachment":[{"href":"https:\/\/chateausenilhac.com\/en\/wp-json\/wp\/v2\/media?parent=18811744"}],"wp:term":[{"taxonomy":"dipi_cpt_category","embeddable":true,"href":"https:\/\/chateausenilhac.com\/en\/wp-json\/wp\/v2\/dipi_cpt_category?post=18811744"},{"taxonomy":"yst_prominent_words","embeddable":true,"href":"https:\/\/chateausenilhac.com\/en\/wp-json\/wp\/v2\/yst_prominent_words?post=18811744"}],"curies":[{"name":"wp","href":"https:\/\/api.w.org\/{rel}","templated":true}]}}